{"id":59,"date":"2016-03-18T18:22:33","date_gmt":"2016-03-18T17:22:33","guid":{"rendered":"http:\/\/www.partizipation.tirol\/wordpress1\/?page_id=59"},"modified":"2018-07-03T17:50:47","modified_gmt":"2018-07-03T15:50:47","slug":"projektschmiede","status":"publish","type":"page","link":"https:\/\/www.partizipation.tirol\/wordpress1\/projektschmiede\/","title":{"rendered":"Projektschmiede"},"content":{"rendered":"<h1><span style=\"color: #99cc00;\">Gute Ideen sind das Kapital der Zukunft!<\/span><\/h1>\n<h4><strong><span style=\"color: #0076ba;\">Was ist die Projektschmiede?<a href=\"https:\/\/www.partizipation.tirol\/wordpress1\/wp-content\/uploads\/2018\/06\/15.06.18-17_43-Office-Lens.jpg\"><img loading=\"lazy\" decoding=\"async\" class=\"wp-image-749 alignright\" src=\"https:\/\/www.partizipation.tirol\/wordpress1\/wp-content\/uploads\/2018\/06\/15.06.18-17_43-Office-Lens-1024x1021.jpg\" alt=\"\" width=\"294\" height=\"293\" srcset=\"https:\/\/www.partizipation.tirol\/wordpress1\/wp-content\/uploads\/2018\/06\/15.06.18-17_43-Office-Lens-1024x1021.jpg 1024w, https:\/\/www.partizipation.tirol\/wordpress1\/wp-content\/uploads\/2018\/06\/15.06.18-17_43-Office-Lens-150x150.jpg 150w, https:\/\/www.partizipation.tirol\/wordpress1\/wp-content\/uploads\/2018\/06\/15.06.18-17_43-Office-Lens-300x300.jpg 300w, https:\/\/www.partizipation.tirol\/wordpress1\/wp-content\/uploads\/2018\/06\/15.06.18-17_43-Office-Lens-768x766.jpg 768w, https:\/\/www.partizipation.tirol\/wordpress1\/wp-content\/uploads\/2018\/06\/15.06.18-17_43-Office-Lens-270x270.jpg 270w, https:\/\/www.partizipation.tirol\/wordpress1\/wp-content\/uploads\/2018\/06\/15.06.18-17_43-Office-Lens-230x230.jpg 230w, https:\/\/www.partizipation.tirol\/wordpress1\/wp-content\/uploads\/2018\/06\/15.06.18-17_43-Office-Lens.jpg 1410w\" sizes=\"auto, (max-width: 294px) 100vw, 294px\" \/><\/a><\/span><\/strong><\/h4>\n<p>Die Projektschmiede ist ein strukturierter peer-to-peer Beratungsprozess, in dem sich ProjektgeberInnen durch Mentorinnen und Mentoren aus den unterschiedlichsten Bereichen bei ihrer Projektplanung und Ideenkonkretisierung unterst\u00fctzen lassen. Gerade f\u00fcr Projekte, die noch am Anfang stehen, ist dies eine gute M\u00f6glichkeit andere Perspektiven und Anregungen zu gewinnen, sowie konkrete n\u00e4chste Schritte zu planen. Anhand von Projekttemplates arbeiten die Projekteinbringer mit den Mentorinnen und Mentoren an den wesentlichen Fragen f\u00fcr die Umsetzung.<\/p>\n<h4><\/h4>\n<h4><strong><span style=\"color: #0076ba;\">Zum Ablauf<\/span><\/strong><\/h4>\n<p>In einem ersten Schritt stellen die Projekteinbringer ihre Idee im Kreis der Teilnehmenden in 2 Minuten kurz vor. Danch geht\u2018s in drei Runden an Projekttischen an die Arbeit. Was ist der Sinn und Zweck meiner Idee? Was m\u00f6chte ich bewirken? Wo brauche ich Unterst\u00fctzung? Was habe ich bisher noch nicht bedacht? Und was sind meine n\u00e4chsten konkreten Schritte? Die Projektschmiede bietet den Raum gemeinsam mit den MentorInnen weiterzuentwickeln und zu reflektieren.<\/p>\n<h4><span style=\"color: #0076ba;\"><strong>Wo findet die n\u00e4chste Schmiede statt?<br \/>\n<\/strong><\/span><\/h4>\n<p>In K\u00fcrze wird es in Tirol laufend Projektschmieden geben, wo engagierte Menschen ihre Ideen einbringen k\u00f6nnen und mit anderen an deren Umsetzungen feilen. Wir freun uns drauf!<\/p>\n<p>&nbsp;<\/p>\n","protected":false},"excerpt":{"rendered":"<p>Gute Ideen sind das Kapital der Zukunft! Was ist die Projektschmiede? Die Projektschmiede ist ein strukturierter peer-to-peer Beratungsprozess, in dem sich ProjektgeberInnen durch Mentorinnen und Mentoren aus den unterschiedlichsten Bereichen bei ihrer Projektplanung und Ideenkonkretisierung unterst\u00fctzen lassen. Gerade f\u00fcr Projekte,<\/p>\n","protected":false},"author":1,"featured_media":60,"parent":0,"menu_order":0,"comment_status":"closed","ping_status":"closed","template":"","meta":{"footnotes":""},"class_list":["post-59","page","type-page","status-publish","has-post-thumbnail","hentry"],"yoast_head":"<!-- This site is optimized with the Yoast SEO plugin v24.6 - https:\/\/yoast.com\/wordpress\/plugins\/seo\/ -->\n<title>Projektschmiede - Partizipation Tirol<\/title>\n<meta name=\"robots\" content=\"index, follow, max-snippet:-1, max-image-preview:large, max-video-preview:-1\" \/>\n<link rel=\"canonical\" href=\"https:\/\/www.partizipation.tirol\/wordpress1\/projektschmiede\/\" \/>\n<meta property=\"og:locale\" content=\"de_DE\" \/>\n<meta property=\"og:type\" content=\"article\" \/>\n<meta property=\"og:title\" content=\"Projektschmiede - Partizipation Tirol\" \/>\n<meta property=\"og:description\" content=\"Gute Ideen sind das Kapital der Zukunft! Was ist die Projektschmiede? Die Projektschmiede ist ein strukturierter peer-to-peer Beratungsprozess, in dem sich ProjektgeberInnen durch Mentorinnen und Mentoren aus den unterschiedlichsten Bereichen bei ihrer Projektplanung und Ideenkonkretisierung unterst\u00fctzen lassen. Gerade f\u00fcr Projekte,\" \/>\n<meta property=\"og:url\" content=\"https:\/\/www.partizipation.tirol\/wordpress1\/projektschmiede\/\" \/>\n<meta property=\"og:site_name\" content=\"Partizipation Tirol\" \/>\n<meta property=\"article:modified_time\" content=\"2018-07-03T15:50:47+00:00\" \/>\n<meta property=\"og:image\" content=\"https:\/\/www.partizipation.tirol\/wordpress1\/wp-content\/uploads\/2016\/03\/projektschmiede-386x386.jpg\" \/>\n\t<meta property=\"og:image:width\" content=\"386\" \/>\n\t<meta property=\"og:image:height\" content=\"386\" \/>\n\t<meta property=\"og:image:type\" content=\"image\/jpeg\" \/>\n<meta name=\"twitter:card\" content=\"summary_large_image\" \/>\n<meta name=\"twitter:label1\" content=\"Gesch\u00e4tzte Lesezeit\" \/>\n\t<meta name=\"twitter:data1\" content=\"1\u00a0Minute\" \/>\n<script type=\"application\/ld+json\" class=\"yoast-schema-graph\">{\"@context\":\"https:\/\/schema.org\",\"@graph\":[{\"@type\":\"WebPage\",\"@id\":\"https:\/\/www.partizipation.tirol\/wordpress1\/projektschmiede\/\",\"url\":\"https:\/\/www.partizipation.tirol\/wordpress1\/projektschmiede\/\",\"name\":\"Projektschmiede - Partizipation Tirol\",\"isPartOf\":{\"@id\":\"https:\/\/www.partizipation.tirol\/wordpress1\/#website\"},\"primaryImageOfPage\":{\"@id\":\"https:\/\/www.partizipation.tirol\/wordpress1\/projektschmiede\/#primaryimage\"},\"image\":{\"@id\":\"https:\/\/www.partizipation.tirol\/wordpress1\/projektschmiede\/#primaryimage\"},\"thumbnailUrl\":\"https:\/\/www.partizipation.tirol\/wordpress1\/wp-content\/uploads\/2016\/03\/projektschmiede-386x386.jpg\",\"datePublished\":\"2016-03-18T17:22:33+00:00\",\"dateModified\":\"2018-07-03T15:50:47+00:00\",\"breadcrumb\":{\"@id\":\"https:\/\/www.partizipation.tirol\/wordpress1\/projektschmiede\/#breadcrumb\"},\"inLanguage\":\"de\",\"potentialAction\":[{\"@type\":\"ReadAction\",\"target\":[\"https:\/\/www.partizipation.tirol\/wordpress1\/projektschmiede\/\"]}]},{\"@type\":\"ImageObject\",\"inLanguage\":\"de\",\"@id\":\"https:\/\/www.partizipation.tirol\/wordpress1\/projektschmiede\/#primaryimage\",\"url\":\"https:\/\/www.partizipation.tirol\/wordpress1\/wp-content\/uploads\/2016\/03\/projektschmiede-386x386.jpg\",\"contentUrl\":\"https:\/\/www.partizipation.tirol\/wordpress1\/wp-content\/uploads\/2016\/03\/projektschmiede-386x386.jpg\",\"width\":386,\"height\":386},{\"@type\":\"BreadcrumbList\",\"@id\":\"https:\/\/www.partizipation.tirol\/wordpress1\/projektschmiede\/#breadcrumb\",\"itemListElement\":[{\"@type\":\"ListItem\",\"position\":1,\"name\":\"Home\",\"item\":\"https:\/\/www.partizipation.tirol\/wordpress1\/\"},{\"@type\":\"ListItem\",\"position\":2,\"name\":\"Projektschmiede\"}]},{\"@type\":\"WebSite\",\"@id\":\"https:\/\/www.partizipation.tirol\/wordpress1\/#website\",\"url\":\"https:\/\/www.partizipation.tirol\/wordpress1\/\",\"name\":\"Partizipation Tirol\",\"description\":\"B\u00fcrgerbeteiligung, Partizipation, Moderation\",\"potentialAction\":[{\"@type\":\"SearchAction\",\"target\":{\"@type\":\"EntryPoint\",\"urlTemplate\":\"https:\/\/www.partizipation.tirol\/wordpress1\/?s={search_term_string}\"},\"query-input\":{\"@type\":\"PropertyValueSpecification\",\"valueRequired\":true,\"valueName\":\"search_term_string\"}}],\"inLanguage\":\"de\"}]}<\/script>\n<!-- \/ Yoast SEO plugin. -->","yoast_head_json":{"title":"Projektschmiede - Partizipation Tirol","robots":{"index":"index","follow":"follow","max-snippet":"max-snippet:-1","max-image-preview":"max-image-preview:large","max-video-preview":"max-video-preview:-1"},"canonical":"https:\/\/www.partizipation.tirol\/wordpress1\/projektschmiede\/","og_locale":"de_DE","og_type":"article","og_title":"Projektschmiede - Partizipation Tirol","og_description":"Gute Ideen sind das Kapital der Zukunft! Was ist die Projektschmiede? Die Projektschmiede ist ein strukturierter peer-to-peer Beratungsprozess, in dem sich ProjektgeberInnen durch Mentorinnen und Mentoren aus den unterschiedlichsten Bereichen bei ihrer Projektplanung und Ideenkonkretisierung unterst\u00fctzen lassen. Gerade f\u00fcr Projekte,","og_url":"https:\/\/www.partizipation.tirol\/wordpress1\/projektschmiede\/","og_site_name":"Partizipation Tirol","article_modified_time":"2018-07-03T15:50:47+00:00","og_image":[{"width":386,"height":386,"url":"https:\/\/www.partizipation.tirol\/wordpress1\/wp-content\/uploads\/2016\/03\/projektschmiede-386x386.jpg","type":"image\/jpeg"}],"twitter_card":"summary_large_image","twitter_misc":{"Gesch\u00e4tzte Lesezeit":"1\u00a0Minute"},"schema":{"@context":"https:\/\/schema.org","@graph":[{"@type":"WebPage","@id":"https:\/\/www.partizipation.tirol\/wordpress1\/projektschmiede\/","url":"https:\/\/www.partizipation.tirol\/wordpress1\/projektschmiede\/","name":"Projektschmiede - Partizipation Tirol","isPartOf":{"@id":"https:\/\/www.partizipation.tirol\/wordpress1\/#website"},"primaryImageOfPage":{"@id":"https:\/\/www.partizipation.tirol\/wordpress1\/projektschmiede\/#primaryimage"},"image":{"@id":"https:\/\/www.partizipation.tirol\/wordpress1\/projektschmiede\/#primaryimage"},"thumbnailUrl":"https:\/\/www.partizipation.tirol\/wordpress1\/wp-content\/uploads\/2016\/03\/projektschmiede-386x386.jpg","datePublished":"2016-03-18T17:22:33+00:00","dateModified":"2018-07-03T15:50:47+00:00","breadcrumb":{"@id":"https:\/\/www.partizipation.tirol\/wordpress1\/projektschmiede\/#breadcrumb"},"inLanguage":"de","potentialAction":[{"@type":"ReadAction","target":["https:\/\/www.partizipation.tirol\/wordpress1\/projektschmiede\/"]}]},{"@type":"ImageObject","inLanguage":"de","@id":"https:\/\/www.partizipation.tirol\/wordpress1\/projektschmiede\/#primaryimage","url":"https:\/\/www.partizipation.tirol\/wordpress1\/wp-content\/uploads\/2016\/03\/projektschmiede-386x386.jpg","contentUrl":"https:\/\/www.partizipation.tirol\/wordpress1\/wp-content\/uploads\/2016\/03\/projektschmiede-386x386.jpg","width":386,"height":386},{"@type":"BreadcrumbList","@id":"https:\/\/www.partizipation.tirol\/wordpress1\/projektschmiede\/#breadcrumb","itemListElement":[{"@type":"ListItem","position":1,"name":"Home","item":"https:\/\/www.partizipation.tirol\/wordpress1\/"},{"@type":"ListItem","position":2,"name":"Projektschmiede"}]},{"@type":"WebSite","@id":"https:\/\/www.partizipation.tirol\/wordpress1\/#website","url":"https:\/\/www.partizipation.tirol\/wordpress1\/","name":"Partizipation Tirol","description":"B\u00fcrgerbeteiligung, Partizipation, Moderation","potentialAction":[{"@type":"SearchAction","target":{"@type":"EntryPoint","urlTemplate":"https:\/\/www.partizipation.tirol\/wordpress1\/?s={search_term_string}"},"query-input":{"@type":"PropertyValueSpecification","valueRequired":true,"valueName":"search_term_string"}}],"inLanguage":"de"}]}},"_links":{"self":[{"href":"https:\/\/www.partizipation.tirol\/wordpress1\/wp-json\/wp\/v2\/pages\/59","targetHints":{"allow":["GET"]}}],"collection":[{"href":"https:\/\/www.partizipation.tirol\/wordpress1\/wp-json\/wp\/v2\/pages"}],"about":[{"href":"https:\/\/www.partizipation.tirol\/wordpress1\/wp-json\/wp\/v2\/types\/page"}],"author":[{"embeddable":true,"href":"https:\/\/www.partizipation.tirol\/wordpress1\/wp-json\/wp\/v2\/users\/1"}],"replies":[{"embeddable":true,"href":"https:\/\/www.partizipation.tirol\/wordpress1\/wp-json\/wp\/v2\/comments?post=59"}],"version-history":[{"count":21,"href":"https:\/\/www.partizipation.tirol\/wordpress1\/wp-json\/wp\/v2\/pages\/59\/revisions"}],"predecessor-version":[{"id":785,"href":"https:\/\/www.partizipation.tirol\/wordpress1\/wp-json\/wp\/v2\/pages\/59\/revisions\/785"}],"wp:featuredmedia":[{"embeddable":true,"href":"https:\/\/www.partizipation.tirol\/wordpress1\/wp-json\/wp\/v2\/media\/60"}],"wp:attachment":[{"href":"https:\/\/www.partizipation.tirol\/wordpress1\/wp-json\/wp\/v2\/media?parent=59"}],"curies":[{"name":"wp","href":"https:\/\/api.w.org\/{rel}","templated":true}]}}