{"id":69,"date":"2016-03-18T18:41:10","date_gmt":"2016-03-18T17:41:10","guid":{"rendered":"http:\/\/www.partizipation.tirol\/wordpress1\/?page_id=69"},"modified":"2019-09-23T18:29:06","modified_gmt":"2019-09-23T16:29:06","slug":"art-of-hosting-6-2","status":"publish","type":"page","link":"https:\/\/www.partizipation.tirol\/wordpress1\/art-of-hosting-6-2\/","title":{"rendered":"Art of Hosting"},"content":{"rendered":"<div class=\"page\" title=\"Page 2\">\n<div class=\"layoutArea\">\n<div class=\"column\">\n<p><img loading=\"lazy\" decoding=\"async\" class=\"alignnone size-large wp-image-677\" src=\"https:\/\/www.partizipation.tirol\/wordpress1\/wp-content\/uploads\/2017\/11\/K1024_IMG_0919-1024x768.jpg\" alt=\"\" width=\"750\" height=\"563\"><\/p>\n<h2>Was ist Art of Hosting?<\/h2>\n<p>Art of Hosting ist die Kunst, Gastgeber\/in f\u00fcr wirksame Gespr\u00e4che zu sein und echte Partizipation zu erm\u00f6glichen. Im Art of Hosting geht es um eine Haltung, die auf das Potenzial der Vielen vertraut, sowie um Methoden, die Co-Intelligenz, Zusammenarbeit und Selbstorganisation f\u00f6rdern. Art of Hosting geht davon aus, dass wir bessere und tragf\u00e4higere L\u00f6sungen f\u00fcr Herausforderungen finden und umsetzen k\u00f6nnen, wenn wir kooperieren, wenn wir unser Wissen und unsere Erfahrungen, unsere Tr\u00e4ume und Hoffnungen miteinander teilen. So wird eine Kunst gemeinsamen Lernens etabliert, die uns neue Wege und innovative L\u00f6sungen zur wirksamen Zukunftsgestaltung unserer Betriebe und Organisationen, aber auch der Gesellschaft, erm\u00f6glicht.<\/p>\n<p>Innovation entsteht in erster Linie im Grenzbereich zwischen Ordnung und Chaos, nicht aber unter starker Kontrolle. Werden diese L\u00f6sungen von den betroffenen Gruppen in Gespr\u00e4chen gemeinsam gefunden (ko-kreiert), sind sie umfassender und finden breitere Unterst\u00fctzung. Partizipative Gespr\u00e4che brauchen einen guten Rahmen, ein Klima der Gastfreundschaft und \u201eunsichtbare F\u00fchrung\u201c. Dann k\u00f6nnen sie wirksam werden und zu gemeinsamer Klarheit f\u00fchren. Handlungen und Ma\u00dfnahmen, die sich daraus ergeben, sind nachhaltig und zukunftsf\u00e4hig.<\/p>\n<\/div>\n<\/div>\n<div class=\"issuuembed\" style=\"width: 800px; height: 283px;\" data-configid=\"6890286\/55025456\"><\/div>\n<p><script type=\"text\/javascript\" src=\"\/\/e.issuu.com\/embed.js\" async=\"true\"><\/script><\/p>\n<\/div>\n<div class=\"page\" title=\"Page 2\">\n<div class=\"layoutArea\">\n<div class=\"column\">\n<p><a href=\"https:\/\/www.partizipation.tirol\/wordpress1\/art-of-hosting-training-2017\/\">Art of Hosting-Training Oktober 2017<\/a> im Haus der Begegnung, Innsbruck<br \/>\n<a href=\"http:\/\/www.artofhosting.org\">Art of Hosting International<\/a><br \/>\n<a href=\"http:\/\/www.aoh-vorarlberg.at\/art-of-hosting-training\/\">Art of Hosting in Vorarlberg<\/a><\/p>\n<\/div>\n<p>&nbsp;<\/p>\n<div class=\"column\"><\/div>\n<\/div>\n<\/div>\n<p>&nbsp;<\/p>\n","protected":false},"excerpt":{"rendered":"<p>Was ist Art of Hosting? Art of Hosting ist die Kunst, Gastgeber\/in f\u00fcr wirksame Gespr\u00e4che zu sein und echte Partizipation zu erm\u00f6glichen. Im Art of Hosting geht es um eine Haltung, die auf das Potenzial der Vielen vertraut, sowie um<\/p>\n","protected":false},"author":1,"featured_media":810,"parent":0,"menu_order":0,"comment_status":"closed","ping_status":"closed","template":"","meta":{"footnotes":""},"class_list":["post-69","page","type-page","status-publish","has-post-thumbnail","hentry"],"yoast_head":"<!-- This site is optimized with the Yoast SEO plugin v24.6 - https:\/\/yoast.com\/wordpress\/plugins\/seo\/ -->\n<title>Art of Hosting - Partizipation Tirol<\/title>\n<meta name=\"robots\" content=\"index, follow, max-snippet:-1, max-image-preview:large, max-video-preview:-1\" \/>\n<link rel=\"canonical\" href=\"https:\/\/www.partizipation.tirol\/wordpress1\/art-of-hosting-6-2\/\" \/>\n<meta property=\"og:locale\" content=\"de_DE\" \/>\n<meta property=\"og:type\" content=\"article\" \/>\n<meta property=\"og:title\" content=\"Art of Hosting - Partizipation Tirol\" \/>\n<meta property=\"og:description\" content=\"Was ist Art of Hosting? Art of Hosting ist die Kunst, Gastgeber\/in f\u00fcr wirksame Gespr\u00e4che zu sein und echte Partizipation zu erm\u00f6glichen. Im Art of Hosting geht es um eine Haltung, die auf das Potenzial der Vielen vertraut, sowie um\" \/>\n<meta property=\"og:url\" content=\"https:\/\/www.partizipation.tirol\/wordpress1\/art-of-hosting-6-2\/\" \/>\n<meta property=\"og:site_name\" content=\"Partizipation Tirol\" \/>\n<meta property=\"article:modified_time\" content=\"2019-09-23T16:29:06+00:00\" \/>\n<meta property=\"og:image\" content=\"https:\/\/www.partizipation.tirol\/wordpress1\/wp-content\/uploads\/2019\/09\/16f1dd2280b9ef667702f2e05f551c52-e1569256078330.jpg\" \/>\n\t<meta property=\"og:image:width\" content=\"387\" \/>\n\t<meta property=\"og:image:height\" content=\"290\" \/>\n\t<meta property=\"og:image:type\" content=\"image\/jpeg\" \/>\n<meta name=\"twitter:card\" content=\"summary_large_image\" \/>\n<meta name=\"twitter:label1\" content=\"Gesch\u00e4tzte Lesezeit\" \/>\n\t<meta name=\"twitter:data1\" content=\"1\u00a0Minute\" \/>\n<script type=\"application\/ld+json\" class=\"yoast-schema-graph\">{\"@context\":\"https:\/\/schema.org\",\"@graph\":[{\"@type\":\"WebPage\",\"@id\":\"https:\/\/www.partizipation.tirol\/wordpress1\/art-of-hosting-6-2\/\",\"url\":\"https:\/\/www.partizipation.tirol\/wordpress1\/art-of-hosting-6-2\/\",\"name\":\"Art of Hosting - Partizipation Tirol\",\"isPartOf\":{\"@id\":\"https:\/\/www.partizipation.tirol\/wordpress1\/#website\"},\"primaryImageOfPage\":{\"@id\":\"https:\/\/www.partizipation.tirol\/wordpress1\/art-of-hosting-6-2\/#primaryimage\"},\"image\":{\"@id\":\"https:\/\/www.partizipation.tirol\/wordpress1\/art-of-hosting-6-2\/#primaryimage\"},\"thumbnailUrl\":\"https:\/\/www.partizipation.tirol\/wordpress1\/wp-content\/uploads\/2019\/09\/16f1dd2280b9ef667702f2e05f551c52-e1569256078330.jpg\",\"datePublished\":\"2016-03-18T17:41:10+00:00\",\"dateModified\":\"2019-09-23T16:29:06+00:00\",\"breadcrumb\":{\"@id\":\"https:\/\/www.partizipation.tirol\/wordpress1\/art-of-hosting-6-2\/#breadcrumb\"},\"inLanguage\":\"de\",\"potentialAction\":[{\"@type\":\"ReadAction\",\"target\":[\"https:\/\/www.partizipation.tirol\/wordpress1\/art-of-hosting-6-2\/\"]}]},{\"@type\":\"ImageObject\",\"inLanguage\":\"de\",\"@id\":\"https:\/\/www.partizipation.tirol\/wordpress1\/art-of-hosting-6-2\/#primaryimage\",\"url\":\"https:\/\/www.partizipation.tirol\/wordpress1\/wp-content\/uploads\/2019\/09\/16f1dd2280b9ef667702f2e05f551c52-e1569256078330.jpg\",\"contentUrl\":\"https:\/\/www.partizipation.tirol\/wordpress1\/wp-content\/uploads\/2019\/09\/16f1dd2280b9ef667702f2e05f551c52-e1569256078330.jpg\",\"width\":387,\"height\":290},{\"@type\":\"BreadcrumbList\",\"@id\":\"https:\/\/www.partizipation.tirol\/wordpress1\/art-of-hosting-6-2\/#breadcrumb\",\"itemListElement\":[{\"@type\":\"ListItem\",\"position\":1,\"name\":\"Home\",\"item\":\"https:\/\/www.partizipation.tirol\/wordpress1\/\"},{\"@type\":\"ListItem\",\"position\":2,\"name\":\"Art of Hosting\"}]},{\"@type\":\"WebSite\",\"@id\":\"https:\/\/www.partizipation.tirol\/wordpress1\/#website\",\"url\":\"https:\/\/www.partizipation.tirol\/wordpress1\/\",\"name\":\"Partizipation Tirol\",\"description\":\"B\u00fcrgerbeteiligung, Partizipation, Moderation\",\"potentialAction\":[{\"@type\":\"SearchAction\",\"target\":{\"@type\":\"EntryPoint\",\"urlTemplate\":\"https:\/\/www.partizipation.tirol\/wordpress1\/?s={search_term_string}\"},\"query-input\":{\"@type\":\"PropertyValueSpecification\",\"valueRequired\":true,\"valueName\":\"search_term_string\"}}],\"inLanguage\":\"de\"}]}<\/script>\n<!-- \/ Yoast SEO plugin. -->","yoast_head_json":{"title":"Art of Hosting - Partizipation Tirol","robots":{"index":"index","follow":"follow","max-snippet":"max-snippet:-1","max-image-preview":"max-image-preview:large","max-video-preview":"max-video-preview:-1"},"canonical":"https:\/\/www.partizipation.tirol\/wordpress1\/art-of-hosting-6-2\/","og_locale":"de_DE","og_type":"article","og_title":"Art of Hosting - Partizipation Tirol","og_description":"Was ist Art of Hosting? Art of Hosting ist die Kunst, Gastgeber\/in f\u00fcr wirksame Gespr\u00e4che zu sein und echte Partizipation zu erm\u00f6glichen. Im Art of Hosting geht es um eine Haltung, die auf das Potenzial der Vielen vertraut, sowie um","og_url":"https:\/\/www.partizipation.tirol\/wordpress1\/art-of-hosting-6-2\/","og_site_name":"Partizipation Tirol","article_modified_time":"2019-09-23T16:29:06+00:00","og_image":[{"width":387,"height":290,"url":"https:\/\/www.partizipation.tirol\/wordpress1\/wp-content\/uploads\/2019\/09\/16f1dd2280b9ef667702f2e05f551c52-e1569256078330.jpg","type":"image\/jpeg"}],"twitter_card":"summary_large_image","twitter_misc":{"Gesch\u00e4tzte Lesezeit":"1\u00a0Minute"},"schema":{"@context":"https:\/\/schema.org","@graph":[{"@type":"WebPage","@id":"https:\/\/www.partizipation.tirol\/wordpress1\/art-of-hosting-6-2\/","url":"https:\/\/www.partizipation.tirol\/wordpress1\/art-of-hosting-6-2\/","name":"Art of Hosting - Partizipation Tirol","isPartOf":{"@id":"https:\/\/www.partizipation.tirol\/wordpress1\/#website"},"primaryImageOfPage":{"@id":"https:\/\/www.partizipation.tirol\/wordpress1\/art-of-hosting-6-2\/#primaryimage"},"image":{"@id":"https:\/\/www.partizipation.tirol\/wordpress1\/art-of-hosting-6-2\/#primaryimage"},"thumbnailUrl":"https:\/\/www.partizipation.tirol\/wordpress1\/wp-content\/uploads\/2019\/09\/16f1dd2280b9ef667702f2e05f551c52-e1569256078330.jpg","datePublished":"2016-03-18T17:41:10+00:00","dateModified":"2019-09-23T16:29:06+00:00","breadcrumb":{"@id":"https:\/\/www.partizipation.tirol\/wordpress1\/art-of-hosting-6-2\/#breadcrumb"},"inLanguage":"de","potentialAction":[{"@type":"ReadAction","target":["https:\/\/www.partizipation.tirol\/wordpress1\/art-of-hosting-6-2\/"]}]},{"@type":"ImageObject","inLanguage":"de","@id":"https:\/\/www.partizipation.tirol\/wordpress1\/art-of-hosting-6-2\/#primaryimage","url":"https:\/\/www.partizipation.tirol\/wordpress1\/wp-content\/uploads\/2019\/09\/16f1dd2280b9ef667702f2e05f551c52-e1569256078330.jpg","contentUrl":"https:\/\/www.partizipation.tirol\/wordpress1\/wp-content\/uploads\/2019\/09\/16f1dd2280b9ef667702f2e05f551c52-e1569256078330.jpg","width":387,"height":290},{"@type":"BreadcrumbList","@id":"https:\/\/www.partizipation.tirol\/wordpress1\/art-of-hosting-6-2\/#breadcrumb","itemListElement":[{"@type":"ListItem","position":1,"name":"Home","item":"https:\/\/www.partizipation.tirol\/wordpress1\/"},{"@type":"ListItem","position":2,"name":"Art of Hosting"}]},{"@type":"WebSite","@id":"https:\/\/www.partizipation.tirol\/wordpress1\/#website","url":"https:\/\/www.partizipation.tirol\/wordpress1\/","name":"Partizipation Tirol","description":"B\u00fcrgerbeteiligung, Partizipation, Moderation","potentialAction":[{"@type":"SearchAction","target":{"@type":"EntryPoint","urlTemplate":"https:\/\/www.partizipation.tirol\/wordpress1\/?s={search_term_string}"},"query-input":{"@type":"PropertyValueSpecification","valueRequired":true,"valueName":"search_term_string"}}],"inLanguage":"de"}]}},"_links":{"self":[{"href":"https:\/\/www.partizipation.tirol\/wordpress1\/wp-json\/wp\/v2\/pages\/69","targetHints":{"allow":["GET"]}}],"collection":[{"href":"https:\/\/www.partizipation.tirol\/wordpress1\/wp-json\/wp\/v2\/pages"}],"about":[{"href":"https:\/\/www.partizipation.tirol\/wordpress1\/wp-json\/wp\/v2\/types\/page"}],"author":[{"embeddable":true,"href":"https:\/\/www.partizipation.tirol\/wordpress1\/wp-json\/wp\/v2\/users\/1"}],"replies":[{"embeddable":true,"href":"https:\/\/www.partizipation.tirol\/wordpress1\/wp-json\/wp\/v2\/comments?post=69"}],"version-history":[{"count":16,"href":"https:\/\/www.partizipation.tirol\/wordpress1\/wp-json\/wp\/v2\/pages\/69\/revisions"}],"predecessor-version":[{"id":811,"href":"https:\/\/www.partizipation.tirol\/wordpress1\/wp-json\/wp\/v2\/pages\/69\/revisions\/811"}],"wp:featuredmedia":[{"embeddable":true,"href":"https:\/\/www.partizipation.tirol\/wordpress1\/wp-json\/wp\/v2\/media\/810"}],"wp:attachment":[{"href":"https:\/\/www.partizipation.tirol\/wordpress1\/wp-json\/wp\/v2\/media?parent=69"}],"curies":[{"name":"wp","href":"https:\/\/api.w.org\/{rel}","templated":true}]}}