{"id":73,"date":"2016-03-18T18:41:37","date_gmt":"2016-03-18T17:41:37","guid":{"rendered":"http:\/\/www.partizipation.tirol\/wordpress1\/?page_id=73"},"modified":"2016-03-29T23:41:11","modified_gmt":"2016-03-29T21:41:11","slug":"unser-angebot","status":"publish","type":"page","link":"https:\/\/www.partizipation.tirol\/wordpress1\/unser-angebot\/","title":{"rendered":"Unser Angebot"},"content":{"rendered":"<div id=\"pl-73\"  class=\"panel-layout\" ><div id=\"pg-73-0\"  class=\"panel-grid panel-no-style\" ><div id=\"pgc-73-0-0\"  class=\"panel-grid-cell\" ><div id=\"panel-73-0-0-0\" class=\"so-panel widget widget_sow-editor panel-first-child panel-last-child\" data-index=\"0\" ><div\n\t\t\t\n\t\t\tclass=\"so-widget-sow-editor so-widget-sow-editor-base\"\n\t\t\t\n\t\t>\n<div class=\"siteorigin-widget-tinymce textwidget\">\n\t<h6><span style=\"color: #99cc00;\">Wie wir arbeiten...<br \/><\/span><\/h6>\n<p><img loading=\"lazy\" decoding=\"async\" class=\" wp-image-116 alignright\" src=\"http:\/\/www.partizipation.tirol\/wordpress1\/wp-content\/uploads\/2016\/03\/gespr\u00e4ch-1-300x200.jpg\" alt=\"gespr\u00e4ch\" width=\"329\" height=\"219\" srcset=\"https:\/\/www.partizipation.tirol\/wordpress1\/wp-content\/uploads\/2016\/03\/gespr\u00e4ch-1-300x200.jpg 300w, https:\/\/www.partizipation.tirol\/wordpress1\/wp-content\/uploads\/2016\/03\/gespr\u00e4ch-1-768x511.jpg 768w, https:\/\/www.partizipation.tirol\/wordpress1\/wp-content\/uploads\/2016\/03\/gespr\u00e4ch-1-1024x681.jpg 1024w, https:\/\/www.partizipation.tirol\/wordpress1\/wp-content\/uploads\/2016\/03\/gespr\u00e4ch-1.jpg 1400w\" sizes=\"auto, (max-width: 329px) 100vw, 329px\" \/><\/p>\n<p style=\"text-align: justify;\">Wir arbeiten mit Methoden wie Art of Hosting, Dynamic Facilitation, Soziokratie und Supervision\u00a0sowie auf der Basis von Werten wie Co-Kreation, Wertsch\u00e4tzung und gemeinsam getragener Verantwortung.<\/p>\n<p style=\"text-align: justify;\">Damit schaffen wir einen Gespr\u00e4chsraum und eine Struktur, die darauf abzielt, die jeweils passendsten L\u00f6sungen zu finden. Was wir k\u00f6nnen, ist die Moderation von <a href=\"http:\/\/www.partizipation.tirol\/wordpress1\/buergerbeteiligung-2\/\">Beteiligungsprozessen<\/a>!<\/p>\n<p>\u00a0<\/p>\n<\/div>\n<\/div><\/div><\/div><\/div><div id=\"pg-73-1\"  class=\"panel-grid panel-has-style\" ><div class=\"panel-row-style panel-row-style-for-73-1\" ><div id=\"pgc-73-1-0\"  class=\"panel-grid-cell\" ><div id=\"panel-73-1-0-0\" class=\"so-panel widget widget_sow-editor panel-first-child\" data-index=\"1\" ><div\n\t\t\t\n\t\t\tclass=\"so-widget-sow-editor so-widget-sow-editor-base\"\n\t\t\t\n\t\t>\n<div class=\"siteorigin-widget-tinymce textwidget\">\n\t<h6><span style=\"color: #99cc00;\">Unsere Kompetenzen<\/span><\/h6>\n<ul>\n<li>Kompetenzen in der Stadt- und Regionalentwicklung und in der Gestaltung nachhaltiger Entwicklungen in Gemeinden,\n<\/li>\n<li>Beratung und Methodenvielfalt f\u00fcr lebendige Beteiligungsprozesse und Gro\u00dfgruppenverfahren,\n<\/li>\n<\/ul>\n<ul>\n<li>Prozess- und Moderationserfahrung im partizipativen L\u00f6sungsdesign,<\/li>\n<\/ul>\n<\/div>\n<\/div><\/div><div id=\"panel-73-1-0-1\" class=\"so-panel widget widget_sow-editor panel-last-child\" data-index=\"2\" ><div\n\t\t\t\n\t\t\tclass=\"so-widget-sow-editor so-widget-sow-editor-base\"\n\t\t\t\n\t\t>\n<div class=\"siteorigin-widget-tinymce textwidget\">\n\t<h6><span style=\"color: #99cc00;\">Was k\u00f6nnen sie von uns erwarten?<\/span><\/h6>\n<ul>\n<li>verl\u00e4ssliche und kreative Menschen, die mit Herz und Verstand f\u00fcr realisierbare, mutige und nachhaltige Ergebnisse arbeiten,<\/li>\n<\/ul>\n<ul>\n<li>Prozesse, R\u00e4ume und Ideen die Sinn machen und tragf\u00e4hig sind<\/li>\n<\/ul>\n<ul>\n<li>eine transparente und vertrauensvolle Zusammenarbeit.<\/li>\n<\/ul>\n<\/div>\n<\/div><\/div><\/div><div id=\"pgc-73-1-1\"  class=\"panel-grid-cell\" ><div id=\"panel-73-1-1-0\" class=\"so-panel widget widget_sow-editor panel-first-child\" data-index=\"3\" ><div\n\t\t\t\n\t\t\tclass=\"so-widget-sow-editor so-widget-sow-editor-base\"\n\t\t\t\n\t\t>\n<div class=\"siteorigin-widget-tinymce textwidget\">\n\t<h6><span style=\"color: #ffffff;\">Unsere Kompetenzen<\/span><\/h6>\n<ul>\n<li>Fachwissen aus den Bereichen Nachhaltigkeit, B\u00fcrgerbeteiligung, r\u00e4umliche Planung und Freiraumentwicklung, Entwicklungszusammenarbeit, Transition Management, Supervision &amp; Coaching\n<p><\/li>\n<li>ein ausgepr\u00e4gtes Interesse an einer guten und fruchtbaren Zusammenarbeit, sowie eine offene Haltung von einander zu lernen.<\/li>\n<\/ul>\n<\/div>\n<\/div><\/div><div id=\"panel-73-1-1-1\" class=\"so-panel widget widget_sow-editor panel-last-child\" data-index=\"4\" ><div\n\t\t\t\n\t\t\tclass=\"so-widget-sow-editor so-widget-sow-editor-base\"\n\t\t\t\n\t\t>\n<div class=\"siteorigin-widget-tinymce textwidget\">\n\t<\/p>\n<p>\u00a0<\/p>\n<p>\u00a0<\/p>\n<p><img loading=\"lazy\" decoding=\"async\" class=\"size-thumbnail wp-image-45 aligncenter\" src=\"http:\/\/www.partizipation.tirol\/wordpress1\/wp-content\/uploads\/2016\/03\/\u00fcber-uns-150x150.jpg\" alt=\"\u00fcber uns\" width=\"150\" height=\"150\" \/><\/p>\n<\/div>\n<\/div><\/div><\/div><\/div><\/div><div id=\"pg-73-2\"  class=\"panel-grid panel-no-style\" ><div id=\"pgc-73-2-0\"  class=\"panel-grid-cell\" ><div id=\"panel-73-2-0-0\" class=\"so-panel widget widget_sow-editor panel-first-child panel-last-child\" data-index=\"5\" ><div\n\t\t\t\n\t\t\tclass=\"so-widget-sow-editor so-widget-sow-editor-base\"\n\t\t\t\n\t\t>\n<div class=\"siteorigin-widget-tinymce textwidget\">\n\t<h6>\u00a0<\/h6>\n<h6><span style=\"color: #99cc00;\">Methoden und Haltung<\/span><\/h6>\n<p>Die Mitglieder von partizipation.tirol verf\u00fcgen \u00fcber eine langj\u00e4hrige Erfahrung mit einer breiten Palette an Methoden, wie z.B. dem B\u00fcrgerInnen-Rat oder den Methoden, die unter dem Sammelbegriff \u201e<strong>Art of Hosting<\/strong>\u201c (AoH) bekannt sind.<\/p>\n<p>partizipation.tirol schafft f\u00fcr Ihre Fragestellung, Ihre Herausforderung einen Rahmen, einen Gespr\u00e4chsraum und eine Gespr\u00e4chsstruktur, die darauf abzielen, die Potenziale der Menschen und der Gruppe freizulegen und gemeinsam die passendsten L\u00f6sungen zu finden.<\/p>\n<p>Neben den <strong>B\u00fcrgerInnen-R\u00e4ten<\/strong>\/Dynamic Facilitation arbeiten die Mitglieder von partizipation.tirol mit <strong>World Cafe, Circle<\/strong> und Dialog, <strong>Open Space<\/strong>, Soziokratie und Gewaltfreier Kommunikation u.a.m.<\/p>\n<p>Methoden alleine sind jedoch nur ein Ger\u00fcst. Belebt und wirksam werden sie mit der Haltung der <strong>Co-Kreation<\/strong>, von Wertsch\u00e4tzung und Respekt, von Transparenz und Nachvollziehbarkeit sowie der gemeinsamen Verantwortung.<\/p>\n<p>Ihr Einsatz ist immer dann von Nutzen, wenn die Beteiligten und Betroffenen mitarbeiten, mitentscheiden oder anschlie\u00dfend mitwirken sollen; wenn eine h\u00f6here Qualit\u00e4t des Ergebnisses erreicht werden soll; wenn effizient, gut und tragf\u00e4hig entschieden werden soll.<\/p>\n<p>Dies ist insbesondere in Gemeinden gew\u00fcnscht und gefordert. Im breiten Feld der \u00a0<strong>Gemeindeentwicklung<\/strong> tragen die Mitglieder von partizipation.tirol besonders gerne zu einer zukunftsf\u00e4higen Entwicklung bei; dort wurden bereits zahlreiche Prozesse begleitet und Projekte umgesetzt.<\/p>\n<p>Dieses Angebot gilt f\u00fcr alle Gruppen, ob bunt zusammengew\u00fcrfelt oder aus einer Organisation. Ob zum Lernen und \u00dcben (wie z.B. im AoH-Training), zum Erarbeiten eines Zukunftsbilds, zum Planen und Vorbereiten eines Projekts oder zum Aufbereiten eines Themenkomplexes mit der Frage, wohin es gehen soll.<\/p>\n<p>\u00a0<\/p>\n<\/div>\n<\/div><\/div><\/div><\/div><\/div>","protected":false},"excerpt":{"rendered":"<p>Wie wir arbeiten&#8230;Wir arbeiten mit Methoden wie Art of Hosting, Dynamic Facilitation, Soziokratie und Supervision\u00a0sowie auf der Basis von Werten wie Co-Kreation, Wertsch\u00e4tzung und gemeinsam getragener Verantwortung.Damit schaffen wir einen Gespr\u00e4chsraum und eine Struktur, die darauf abzielt, die jeweils passendsten<\/p>\n","protected":false},"author":1,"featured_media":0,"parent":0,"menu_order":0,"comment_status":"closed","ping_status":"closed","template":"","meta":{"footnotes":""},"class_list":["post-73","page","type-page","status-publish","hentry"],"yoast_head":"<!-- This site is optimized with the Yoast SEO plugin v24.6 - https:\/\/yoast.com\/wordpress\/plugins\/seo\/ -->\n<title>B\u00fcrgerbeteiligung Tirol<\/title>\n<meta name=\"description\" content=\"Wir schaffen Raum f\u00fcr gute Gespr\u00e4che!\" \/>\n<meta name=\"robots\" content=\"index, follow, max-snippet:-1, max-image-preview:large, max-video-preview:-1\" \/>\n<link rel=\"canonical\" href=\"https:\/\/www.partizipation.tirol\/wordpress1\/unser-angebot\/\" \/>\n<meta property=\"og:locale\" content=\"de_DE\" \/>\n<meta property=\"og:type\" content=\"article\" \/>\n<meta property=\"og:title\" content=\"B\u00fcrgerbeteiligung Tirol\" \/>\n<meta property=\"og:description\" content=\"Wir schaffen Raum f\u00fcr gute Gespr\u00e4che!\" \/>\n<meta property=\"og:url\" content=\"https:\/\/www.partizipation.tirol\/wordpress1\/unser-angebot\/\" \/>\n<meta property=\"og:site_name\" content=\"Partizipation Tirol\" \/>\n<meta property=\"article:modified_time\" content=\"2016-03-29T21:41:11+00:00\" \/>\n<meta name=\"twitter:card\" content=\"summary_large_image\" \/>\n<meta name=\"twitter:label1\" content=\"Gesch\u00e4tzte Lesezeit\" \/>\n\t<meta name=\"twitter:data1\" content=\"2\u00a0Minuten\" \/>\n<script type=\"application\/ld+json\" class=\"yoast-schema-graph\">{\"@context\":\"https:\/\/schema.org\",\"@graph\":[{\"@type\":\"WebPage\",\"@id\":\"https:\/\/www.partizipation.tirol\/wordpress1\/unser-angebot\/\",\"url\":\"https:\/\/www.partizipation.tirol\/wordpress1\/unser-angebot\/\",\"name\":\"B\u00fcrgerbeteiligung Tirol\",\"isPartOf\":{\"@id\":\"https:\/\/www.partizipation.tirol\/wordpress1\/#website\"},\"datePublished\":\"2016-03-18T17:41:37+00:00\",\"dateModified\":\"2016-03-29T21:41:11+00:00\",\"description\":\"Wir schaffen Raum f\u00fcr gute Gespr\u00e4che!\",\"breadcrumb\":{\"@id\":\"https:\/\/www.partizipation.tirol\/wordpress1\/unser-angebot\/#breadcrumb\"},\"inLanguage\":\"de\",\"potentialAction\":[{\"@type\":\"ReadAction\",\"target\":[\"https:\/\/www.partizipation.tirol\/wordpress1\/unser-angebot\/\"]}]},{\"@type\":\"BreadcrumbList\",\"@id\":\"https:\/\/www.partizipation.tirol\/wordpress1\/unser-angebot\/#breadcrumb\",\"itemListElement\":[{\"@type\":\"ListItem\",\"position\":1,\"name\":\"Home\",\"item\":\"https:\/\/www.partizipation.tirol\/wordpress1\/\"},{\"@type\":\"ListItem\",\"position\":2,\"name\":\"Unser Angebot\"}]},{\"@type\":\"WebSite\",\"@id\":\"https:\/\/www.partizipation.tirol\/wordpress1\/#website\",\"url\":\"https:\/\/www.partizipation.tirol\/wordpress1\/\",\"name\":\"Partizipation Tirol\",\"description\":\"B\u00fcrgerbeteiligung, Partizipation, Moderation\",\"potentialAction\":[{\"@type\":\"SearchAction\",\"target\":{\"@type\":\"EntryPoint\",\"urlTemplate\":\"https:\/\/www.partizipation.tirol\/wordpress1\/?s={search_term_string}\"},\"query-input\":{\"@type\":\"PropertyValueSpecification\",\"valueRequired\":true,\"valueName\":\"search_term_string\"}}],\"inLanguage\":\"de\"}]}<\/script>\n<!-- \/ Yoast SEO plugin. -->","yoast_head_json":{"title":"B\u00fcrgerbeteiligung Tirol","description":"Wir schaffen Raum f\u00fcr gute Gespr\u00e4che!","robots":{"index":"index","follow":"follow","max-snippet":"max-snippet:-1","max-image-preview":"max-image-preview:large","max-video-preview":"max-video-preview:-1"},"canonical":"https:\/\/www.partizipation.tirol\/wordpress1\/unser-angebot\/","og_locale":"de_DE","og_type":"article","og_title":"B\u00fcrgerbeteiligung Tirol","og_description":"Wir schaffen Raum f\u00fcr gute Gespr\u00e4che!","og_url":"https:\/\/www.partizipation.tirol\/wordpress1\/unser-angebot\/","og_site_name":"Partizipation Tirol","article_modified_time":"2016-03-29T21:41:11+00:00","twitter_card":"summary_large_image","twitter_misc":{"Gesch\u00e4tzte Lesezeit":"2\u00a0Minuten"},"schema":{"@context":"https:\/\/schema.org","@graph":[{"@type":"WebPage","@id":"https:\/\/www.partizipation.tirol\/wordpress1\/unser-angebot\/","url":"https:\/\/www.partizipation.tirol\/wordpress1\/unser-angebot\/","name":"B\u00fcrgerbeteiligung Tirol","isPartOf":{"@id":"https:\/\/www.partizipation.tirol\/wordpress1\/#website"},"datePublished":"2016-03-18T17:41:37+00:00","dateModified":"2016-03-29T21:41:11+00:00","description":"Wir schaffen Raum f\u00fcr gute Gespr\u00e4che!","breadcrumb":{"@id":"https:\/\/www.partizipation.tirol\/wordpress1\/unser-angebot\/#breadcrumb"},"inLanguage":"de","potentialAction":[{"@type":"ReadAction","target":["https:\/\/www.partizipation.tirol\/wordpress1\/unser-angebot\/"]}]},{"@type":"BreadcrumbList","@id":"https:\/\/www.partizipation.tirol\/wordpress1\/unser-angebot\/#breadcrumb","itemListElement":[{"@type":"ListItem","position":1,"name":"Home","item":"https:\/\/www.partizipation.tirol\/wordpress1\/"},{"@type":"ListItem","position":2,"name":"Unser Angebot"}]},{"@type":"WebSite","@id":"https:\/\/www.partizipation.tirol\/wordpress1\/#website","url":"https:\/\/www.partizipation.tirol\/wordpress1\/","name":"Partizipation Tirol","description":"B\u00fcrgerbeteiligung, Partizipation, Moderation","potentialAction":[{"@type":"SearchAction","target":{"@type":"EntryPoint","urlTemplate":"https:\/\/www.partizipation.tirol\/wordpress1\/?s={search_term_string}"},"query-input":{"@type":"PropertyValueSpecification","valueRequired":true,"valueName":"search_term_string"}}],"inLanguage":"de"}]}},"_links":{"self":[{"href":"https:\/\/www.partizipation.tirol\/wordpress1\/wp-json\/wp\/v2\/pages\/73","targetHints":{"allow":["GET"]}}],"collection":[{"href":"https:\/\/www.partizipation.tirol\/wordpress1\/wp-json\/wp\/v2\/pages"}],"about":[{"href":"https:\/\/www.partizipation.tirol\/wordpress1\/wp-json\/wp\/v2\/types\/page"}],"author":[{"embeddable":true,"href":"https:\/\/www.partizipation.tirol\/wordpress1\/wp-json\/wp\/v2\/users\/1"}],"replies":[{"embeddable":true,"href":"https:\/\/www.partizipation.tirol\/wordpress1\/wp-json\/wp\/v2\/comments?post=73"}],"version-history":[{"count":99,"href":"https:\/\/www.partizipation.tirol\/wordpress1\/wp-json\/wp\/v2\/pages\/73\/revisions"}],"predecessor-version":[{"id":374,"href":"https:\/\/www.partizipation.tirol\/wordpress1\/wp-json\/wp\/v2\/pages\/73\/revisions\/374"}],"wp:attachment":[{"href":"https:\/\/www.partizipation.tirol\/wordpress1\/wp-json\/wp\/v2\/media?parent=73"}],"curies":[{"name":"wp","href":"https:\/\/api.w.org\/{rel}","templated":true}]}}